{"id":10,"date":"2014-09-16T20:14:01","date_gmt":"2014-09-16T20:14:01","guid":{"rendered":"http:\/\/expertpsy.wordpress.com\/?page_id=10"},"modified":"2018-10-10T23:11:25","modified_gmt":"2018-10-10T20:11:25","slug":"3-articole","status":"publish","type":"page","link":"https:\/\/www.expertpsy.ro\/wordpress\/index.php\/centrul-expert-psy\/evaluare-trauma-abuz-situatii-de-divort\/3-articole\/","title":{"rendered":"Curs evaluare si expertiza"},"content":{"rendered":"<p style=\"text-align: center;\">Asocia\u021bia EXPERT PSY organizeaz\u0103\u00a0cursul de formare continu\u0103<\/p>\n<p style=\"text-align: center;\"><strong>EVALUARE \u0218I EXPERTIZ\u0102 PSIHOLOGIC\u0102 CLINIC\u0102\u00a0<\/strong><\/p>\n<p style=\"text-align: center;\"><strong>PENTRU COPIL, ADULT \u0218I FAMILIE<\/strong><\/p>\n<p><a href=\"https:\/\/www.expertpsy.ro\/wordpress\/wp-content\/uploads\/2017\/07\/expertiza-divort.jpg\"><img loading=\"lazy\" decoding=\"async\" class=\"aligncenter size-medium wp-image-1199\" src=\"https:\/\/www.expertpsy.ro\/wordpress\/wp-content\/uploads\/2017\/07\/expertiza-divort-300x191.jpg\" sizes=\"auto, (max-width: 300px) 100vw, 300px\" srcset=\"https:\/\/www.expertpsy.ro\/wordpress\/wp-content\/uploads\/2017\/07\/expertiza-divort-300x191.jpg 300w, https:\/\/www.expertpsy.ro\/wordpress\/wp-content\/uploads\/2017\/07\/expertiza-divort.jpg 745w\" alt=\"\" width=\"300\" height=\"191\" \/><\/a><\/p>\n<ul>\n<li>Cursul este avizat profesional de Colegiul Psihologilor din Rom\u00e2nia, Anexa 4 din 17.06.2016 la Avizul Profesional nr. RF-II-B-162, psihologii participan\u021bi beneficiind de\u00a0<strong>150 credite<\/strong>.<\/li>\n<li>Cursul\u00a0vizeaz\u0103 dob\u00e2ndirea de c\u0103tre participan\u021bi a competen\u021belor de evaluare \u0219i expertiz\u0103 \u00a0psihologic\u0103 pentru copil, adult \u0219i familie, a deprinderilor necesare aplic\u0103rii \u0219i interpret\u0103rii instrumentelor de evaluare \u0219i psihodiagnostic prezentate, redact\u0103rii \u0219i prezent\u0103rii rapoartelor de evaluare \u0219i\/sau expertiz\u0103 psihologic\u0103 clinic\u0103 judiciar\u0103 sau extrajudiciar\u0103, \u0219i a unor tehnici de interven\u021bie psihologic\u0103 clinic\u0103.<\/li>\n<li>Cursul se va desf\u0103\u0219ura \u00een perioada septembrie 2018 \u2013 aprilie 2019. Include 12 module totaliz\u00e2nd 140 ore, respectiv 7 weekend-uri, s\u00e2mb\u0103t\u0103 \u0219i duminic\u0103, 20 ore de studiu individual, 10 ore activit\u0103\u021bi practice, 10 ore supervizare cazuri.<\/li>\n<li>Competen\u021bele acumulate vor fi verificate at\u00e2t pe parcursul form\u0103rii, c\u00e2t \u0219i la finalul cursului.<\/li>\n<li>Cursul se va \u00eencheia printr-un colocviu de examinare a cuno\u0219tin\u021belor \u0219i prezentarea de c\u0103tre fiecare participant a unui portofoliu incluz\u00e2nd articole pe teme de specialitate \u0219i rapoarte de evaluare\/expertiz\u0103 psihologic\u0103 clinic\u0103.<\/li>\n<\/ul>\n<p><strong>STRUCTURA CURSULUI (MODULE)<\/strong><\/p>\n<ol>\n<li><strong>Evaluarea \u0219i expertiza psihologic\u0103 clinic\u0103. Aspecte metodologice, legislative \u0219i deontologice<\/strong>, formator: Armand Veleanovici<\/li>\n<li><strong>Psihopatologia, evaluarea, expertiza psihologic\u0103 a copilului<\/strong>, formatori:\u00a0Armand Veleanovici, \u00a0Ana Maria Agape<\/li>\n<li><strong>Psihopatologia, evaluarea, expertiza psihologic\u0103 clinic\u0103 a adultului<\/strong>, \u00a0formator:\u00a0Cristina Oprea<\/li>\n<li><strong>Evaluarea si expertiza psihologic\u0103 clinic\u0103 pentru copilul abuzat \/ neglijat<\/strong>, \u00a0formatori: Armand Veleanovici, Gabriela Dumitriu<\/li>\n<li><strong>Evaluarea si expertiza psihologic\u0103 clinic\u0103 \u00een situatii de divort \u0219i alienare parental\u0103<\/strong>,\u00a0formatori: Armand Veleanovici,\u00a0Gabriela Dumitriu<\/li>\n<li><strong>Evaluarea \u0219i expertiza psihologic\u0103 clinic\u0103 a familiei<\/strong>,\u00a0formator:\u00a0Cristian Petrescu<\/li>\n<li><strong>Instrumente utilizate pentru evaluarea \u0219i expertiza psihologic\u0103 clinic\u0103<\/strong>, \u00a0formatori:\u00a0Armand Veleanovici, Gabriela Dumitriu\/Veronica Calancea<\/li>\n<li><strong>Evaluare \u0219i expertiz\u0103 psihologic\u0103 clinic\u0103 a copilului cu dizabilitati<\/strong>, \u00a0formator:\u00a0Atena Stoica<\/li>\n<li><strong>Evaluare si expertiza psihologic\u0103 clinic\u0103 in situatii de pierderi si dolii<\/strong>, \u00a0formator:\u00a0Cristiana Levi\u021bchi<\/li>\n<li><strong>Evaluarea si expertiza psihologic\u0103 clinic\u0103 a cuplului<\/strong>,\u00a0formator:\u00a0Cristiana Levi\u021bchi<\/li>\n<li><strong>Teste proiective utilizate in evaluarea si expertiza psihologic\u0103 clinic\u0103<\/strong>,\u00a0formatori:\u00a0Armand Veleanovici, Gabriela Dumitriu<\/li>\n<\/ol>\n<p><strong>FORMATORI<\/strong><\/p>\n<p>Formatorii sunt psihologi clinicieni practicieni, cu\u00a0experien\u021b\u0103 \u00eendelungat\u0103 \u0219i relevant\u0103.<\/p>\n<ul>\n<li><strong>Armand VELEANOVICI<\/strong>,\u00a0<strong>PhD,<\/strong>\u00a0supervizor \u00een psihologie clinic\u0103 \u0219i consiliere psihologic\u0103, psiholog clinician, consilier psihologic, psihoterapeut principal, coordonatorul Centrului de Consiliere DGASPC Sector 2 Bucure\u0219ti (din 2006), fondatorul Centrului de evaluare, expertiz\u0103, interven\u021bie psihologic\u0103 Expert Psy (din 2014), practic\u0103 privat\u0103;<\/li>\n<li><strong>Cristian PETRESCU, MA<\/strong><strong>,<\/strong>\u00a0supervizor \u00een psihologie clinic\u0103 \u0219i psihoterapie, psiholog clinician principal la Spitalul Universitar de Psihiatrie \u201eSocola\u201d Ia\u0219i (din 1996), terapeut atestat\u00a0<span lang=\"IT\">European Family Therapy Association<\/span>\u00a0(EFTA), practic\u0103 privat\u0103;<\/li>\n<li><strong>Cristina OPREA<\/strong>,\u00a0<strong>PhDs,<\/strong>\u00a0supervizor \u00een psihologie clinic\u0103, psiholog clinician principal la Spitalul Clinic de Psihiatrie \u201eProf. Dr. Alexandru Obregia\u201d (din 1998),\u00a0practic\u0103 privat\u0103;<\/li>\n<li><strong>Cristiana Alexandra LEVI\u021aCHI<\/strong>,\u00a0<strong>MA,<\/strong>\u00a0supervizor \u00een psihologie clinic\u0103, psiholog clinician \u0219i psihoterapeut principal, Spitalul Clinic de Copii \u201eVictor Gomoiu\u201d (2000-2014), Clinica Sanador (din 2014), practic\u0103 privat\u0103;<\/li>\n<li><strong>Atena STOICA<\/strong>,\u00a0<strong>MA,<\/strong>\u00a0supervizor \u00een psihologie clinic\u0103, psiholog clinician \u0219i psihoterapeut principal, coordonator Centrul de zi de recuperare \u0219i resurse pentru copiii cu disabilit\u0103\u021bi multiple \u0219i familiile lor, DGASPC Sector 2 (2000 \u2013 2011), Director programe pentru dezinstitu\u021bionalizarea \u0219i incluziunea \u00een comunitate a tinerilor \u0219i adul\u021bilor cu disabilit\u0103\u021bi Asocia\u021bia Pro Act Suport (din 2011),\u00a0practic\u0103 privat\u0103;<\/li>\n<li><strong>Ana Maria AGAPE<\/strong>,\u00a0<strong>MA,<\/strong>\u00a0supervizor \u00een psihologie clinic\u0103,\u00a0psihoterapeut, psiholog clinician principal la\u00a0Serviciul de Interven\u0163ie \u00een Situa\u0163ii de Abuz, Neglijare, Trafic \u0219i Migra\u0163ie DGASPC Sector 2 (2004-2012), CJRAE Constan\u021ba (din 2012),\u00a0practic\u0103 privat\u0103;<\/li>\n<li><strong>Gabriela DUMITRIU<\/strong>,\u00a0<strong>PhDs<\/strong>, psiholog clinician \u0219i psihoterapeut specialist, Centrul de Consiliere \u0219i Sprijin pt. P\u0103rin\u021bi \u0219i Copii DGASPC Sector 4 (2007-2017), fondatoare a Centrului de evaluare, expertiz\u0103, interven\u021bie psihologic\u0103 Expert Psy (din 2014), practic\u0103 privat\u0103.<\/li>\n<\/ul>\n","protected":false},"excerpt":{"rendered":"<p>Asocia\u021bia EXPERT PSY organizeaz\u0103\u00a0cursul de formare continu\u0103 EVALUARE \u0218I EXPERTIZ\u0102 PSIHOLOGIC\u0102 CLINIC\u0102\u00a0 PENTRU COPIL, ADULT \u0218I FAMILIE Cursul este avizat profesional de Colegiul Psihologilor din Rom\u00e2nia, Anexa 4 din 17.06.2016 la Avizul Profesional nr. RF-II-B-162, psihologii participan\u021bi beneficiind de\u00a0150 credite. Cursul\u00a0vizeaz\u0103 dob\u00e2ndirea de c\u0103tre participan\u021bi a competen\u021belor de evaluare \u0219i expertiz\u0103 \u00a0psihologic\u0103 pentru copil, adult &hellip; <a href=\"https:\/\/www.expertpsy.ro\/wordpress\/index.php\/centrul-expert-psy\/evaluare-trauma-abuz-situatii-de-divort\/3-articole\/\" class=\"more-link\">Continu\u0103 lectura <span class=\"screen-reader-text\">Curs evaluare si expertiza<\/span> <span class=\"meta-nav\">&rarr;<\/span><\/a><\/p>\n","protected":false},"author":1,"featured_media":1199,"parent":87,"menu_order":75,"comment_status":"open","ping_status":"open","template":"","meta":{"footnotes":""},"class_list":["post-10","page","type-page","status-publish","has-post-thumbnail","hentry"],"_links":{"self":[{"href":"https:\/\/www.expertpsy.ro\/wordpress\/index.php\/wp-json\/wp\/v2\/pages\/10","targetHints":{"allow":["GET"]}}],"collection":[{"href":"https:\/\/www.expertpsy.ro\/wordpress\/index.php\/wp-json\/wp\/v2\/pages"}],"about":[{"href":"https:\/\/www.expertpsy.ro\/wordpress\/index.php\/wp-json\/wp\/v2\/types\/page"}],"author":[{"embeddable":true,"href":"https:\/\/www.expertpsy.ro\/wordpress\/index.php\/wp-json\/wp\/v2\/users\/1"}],"replies":[{"embeddable":true,"href":"https:\/\/www.expertpsy.ro\/wordpress\/index.php\/wp-json\/wp\/v2\/comments?post=10"}],"version-history":[{"count":8,"href":"https:\/\/www.expertpsy.ro\/wordpress\/index.php\/wp-json\/wp\/v2\/pages\/10\/revisions"}],"predecessor-version":[{"id":1422,"href":"https:\/\/www.expertpsy.ro\/wordpress\/index.php\/wp-json\/wp\/v2\/pages\/10\/revisions\/1422"}],"up":[{"embeddable":true,"href":"https:\/\/www.expertpsy.ro\/wordpress\/index.php\/wp-json\/wp\/v2\/pages\/87"}],"wp:featuredmedia":[{"embeddable":true,"href":"https:\/\/www.expertpsy.ro\/wordpress\/index.php\/wp-json\/wp\/v2\/media\/1199"}],"wp:attachment":[{"href":"https:\/\/www.expertpsy.ro\/wordpress\/index.php\/wp-json\/wp\/v2\/media?parent=10"}],"curies":[{"name":"wp","href":"https:\/\/api.w.org\/{rel}","templated":true}]}}