{"id":1133,"date":"2017-03-21T01:11:06","date_gmt":"2017-03-20T22:11:06","guid":{"rendered":"http:\/\/www.expertpsy.ro\/wordpress\/?page_id=1133"},"modified":"2017-10-13T10:51:33","modified_gmt":"2017-10-13T07:51:33","slug":"proiecte","status":"publish","type":"page","link":"https:\/\/www.expertpsy.ro\/wordpress\/index.php\/about\/proiecte\/","title":{"rendered":"Proiecte"},"content":{"rendered":"<p style=\"text-align: center;\"><strong>Asocia\u021bia Expert Psy<\/strong> a fost prezent\u0103 la evenimentul organizat de\u00a0<strong>\u0218coala Gimnazial\u0103 Nr. 156 <\/strong>din Bucure\u0219ti, cu titlul <strong>\u201dF\u0103r\u0103 ur\u0103, cu toleran\u021b\u0103\u201d<\/strong><\/p>\n<p><a href=\"https:\/\/www.expertpsy.ro\/wordpress\/wp-content\/uploads\/2017\/03\/17380083_1246967988715003_430991454_o.jpg\"><img loading=\"lazy\" decoding=\"async\" class=\"alignleft wp-image-1140 size-large\" src=\"https:\/\/www.expertpsy.ro\/wordpress\/wp-content\/uploads\/2017\/03\/17380083_1246967988715003_430991454_o-1024x576.jpg\" alt=\"\" width=\"640\" height=\"360\" srcset=\"https:\/\/www.expertpsy.ro\/wordpress\/wp-content\/uploads\/2017\/03\/17380083_1246967988715003_430991454_o-1024x576.jpg 1024w, https:\/\/www.expertpsy.ro\/wordpress\/wp-content\/uploads\/2017\/03\/17380083_1246967988715003_430991454_o-300x169.jpg 300w, https:\/\/www.expertpsy.ro\/wordpress\/wp-content\/uploads\/2017\/03\/17380083_1246967988715003_430991454_o-768x432.jpg 768w, https:\/\/www.expertpsy.ro\/wordpress\/wp-content\/uploads\/2017\/03\/17380083_1246967988715003_430991454_o.jpg 2048w\" sizes=\"auto, (max-width: 640px) 100vw, 640px\" \/><\/a><\/p>\n<p>&nbsp;<\/p>\n<p>&nbsp;<\/p>\n<p>&nbsp;<\/p>\n<p>&nbsp;<\/p>\n<p>&nbsp;<\/p>\n<p>Mar\u021bi 14.03.2017, la <strong>\u0218coala Gimnazial\u0103 Nr. 156 <\/strong>din Bucure\u0219ti a avut loc ac\u021biunea public\u0103 \u201dF\u0103r\u0103 ur\u0103, cu toleran\u021b\u0103\u201d \u00een cadrul Concursului Na\u021bional <strong>\u201dF\u0103r\u0103 ur\u0103, cu toleran\u021b\u0103\u201d<\/strong>, organizat\u0103 \u00eempreun\u0103 cu elevii clasei aVIII-a B.<\/p>\n<p>Celor 90 de persoane prezente li s-au prezentat informa\u021bii despre drepturile copilului \u0219i impactul psihologic al fenomenului de bullying \u00een \u0219coli.<\/p>\n<p>Gabriela <a href=\"https:\/\/www.expertpsy.ro\/wordpress\/wp-content\/uploads\/2017\/03\/440.jpg\"><img loading=\"lazy\" decoding=\"async\" class=\"wp-image-1138 size-medium alignleft\" src=\"https:\/\/www.expertpsy.ro\/wordpress\/wp-content\/uploads\/2017\/03\/440-300x169.jpg\" alt=\"\" width=\"300\" height=\"169\" srcset=\"https:\/\/www.expertpsy.ro\/wordpress\/wp-content\/uploads\/2017\/03\/440-300x169.jpg 300w, https:\/\/www.expertpsy.ro\/wordpress\/wp-content\/uploads\/2017\/03\/440-768x432.jpg 768w, https:\/\/www.expertpsy.ro\/wordpress\/wp-content\/uploads\/2017\/03\/440-1024x576.jpg 1024w\" sizes=\"auto, (max-width: 300px) 100vw, 300px\" \/><\/a>Dumitriu, psihoterapeut, vicepre\u0219edinte al <strong>Asocia\u021biei Expert Psy<\/strong> a ini\u021biat un dialog activ cu publicul format din elevi, p\u0103rin\u021bi \u0219i profesori. Din discu\u021biile purtate a rezultat c\u0103 exist\u0103 o corela\u021bie str\u00e2ns\u0103 \u00eentre situa\u0163iile de agresiune \u015fi \u00eenc\u0103lcarea Drepturilor Copilului.<\/p>\n<p><a href=\"https:\/\/www.expertpsy.ro\/wordpress\/wp-content\/uploads\/2017\/03\/17408062_1246968048714997_652758636_o.jpg\"><img loading=\"lazy\" decoding=\"async\" class=\"wp-image-1141 size-medium alignright\" src=\"https:\/\/www.expertpsy.ro\/wordpress\/wp-content\/uploads\/2017\/03\/17408062_1246968048714997_652758636_o-300x225.jpg\" alt=\"\" width=\"300\" height=\"225\" srcset=\"https:\/\/www.expertpsy.ro\/wordpress\/wp-content\/uploads\/2017\/03\/17408062_1246968048714997_652758636_o-300x225.jpg 300w, https:\/\/www.expertpsy.ro\/wordpress\/wp-content\/uploads\/2017\/03\/17408062_1246968048714997_652758636_o-768x576.jpg 768w, https:\/\/www.expertpsy.ro\/wordpress\/wp-content\/uploads\/2017\/03\/17408062_1246968048714997_652758636_o-1024x768.jpg 1024w, https:\/\/www.expertpsy.ro\/wordpress\/wp-content\/uploads\/2017\/03\/17408062_1246968048714997_652758636_o.jpg 1600w\" sizes=\"auto, (max-width: 300px) 100vw, 300px\" \/><\/a><\/p>\n<p>De asemenea la eveniment au fost prezen\u021bi: doi reprezentan\u021bi ai Inspectoratului \u0218colar al Municipiului Bucure\u0219ti sector 6, reprezentantul Prim\u0103riei sector 6 \u00een cadrul Consiliului de Administra\u021bie al \u0218colii Gimnaziale Nr. 156, doi agen\u021bi principali ai Sec\u021biei Nr. 21, Poli\u021bia de proximitate \u0219i reprezentan\u021bi ai media. Cei doi agen\u021bi de poli\u021bie au vorbit publicului despre violen\u021ba \u00een familie, oferind totodat\u0103 \u0219i materiale informative.<\/p>\n<hr \/>\n<p><a href=\"https:\/\/www.expertpsy.ro\/wordpress\/wp-content\/uploads\/2017\/03\/442.jpg\"><br \/>\n<img loading=\"lazy\" decoding=\"async\" class=\"aligncenter size-full wp-image-1139\" src=\"https:\/\/www.expertpsy.ro\/wordpress\/wp-content\/uploads\/2017\/03\/442.jpg\" alt=\"\" width=\"3264\" height=\"1836\" srcset=\"https:\/\/www.expertpsy.ro\/wordpress\/wp-content\/uploads\/2017\/03\/442.jpg 3264w, https:\/\/www.expertpsy.ro\/wordpress\/wp-content\/uploads\/2017\/03\/442-300x169.jpg 300w, https:\/\/www.expertpsy.ro\/wordpress\/wp-content\/uploads\/2017\/03\/442-768x432.jpg 768w, https:\/\/www.expertpsy.ro\/wordpress\/wp-content\/uploads\/2017\/03\/442-1024x576.jpg 1024w\" sizes=\"auto, (max-width: 3264px) 100vw, 3264px\" \/><\/a><\/p>\n<p>La finalul ac\u021biunii publice elevi ai clasei a VIII-a B au distribuit pliante cu informa\u021bii referitoare la tema concursului. Participan\u021bii la eveniment au fost \u00eencuraja\u021bi s\u0103 se documenteze suplimentar navig\u00e2nd \u00een siguran\u021b\u0103 pe internet utiliz\u00e2nd link-urile: http:\/\/oradenet.salvaticopiii.ro, precum \u0219i\u00a0 www.facebook.com\/SigurPeNet\/.<\/p>\n<div id=\"yiv1492641457yui_3_16_0_ym19_1_1489607933249_16916\" dir=\"ltr\"><span id=\"yiv1492641457yui_3_16_0_ym19_1_1489607933249_18788\"><a href=\"#StopBullying\">#StopBullying<\/a> <a href=\"#ZiuaSiguran\u0163eipeInternet\">#ZiuaSiguran\u0163eipeInternet<\/a>, <a href=\"#F\u0103r\u0103Ur\u0103\">#F\u0103r\u0103Ur\u0103<\/a>, <a href=\"#CuDrag\">#CuDrag<\/a>, <a href=\"#OraDeNet\">#OraDeNet<\/a><\/span><\/div>\n","protected":false},"excerpt":{"rendered":"<p>Asocia\u021bia Expert Psy a fost prezent\u0103 la evenimentul organizat de\u00a0\u0218coala Gimnazial\u0103 Nr. 156 din Bucure\u0219ti, cu titlul \u201dF\u0103r\u0103 ur\u0103, cu toleran\u021b\u0103\u201d &nbsp; &nbsp; &nbsp; &nbsp; &nbsp; Mar\u021bi 14.03.2017, la \u0218coala Gimnazial\u0103 Nr. 156 din Bucure\u0219ti a avut loc ac\u021biunea public\u0103 \u201dF\u0103r\u0103 ur\u0103, cu toleran\u021b\u0103\u201d \u00een cadrul Concursului Na\u021bional \u201dF\u0103r\u0103 ur\u0103, cu toleran\u021b\u0103\u201d, organizat\u0103 \u00eempreun\u0103 cu &hellip; <a href=\"https:\/\/www.expertpsy.ro\/wordpress\/index.php\/about\/proiecte\/\" class=\"more-link\">Continu\u0103 lectura <span class=\"screen-reader-text\">Proiecte<\/span> <span class=\"meta-nav\">&rarr;<\/span><\/a><\/p>\n","protected":false},"author":1,"featured_media":0,"parent":352,"menu_order":12,"comment_status":"closed","ping_status":"closed","template":"","meta":{"footnotes":""},"class_list":["post-1133","page","type-page","status-publish","hentry"],"_links":{"self":[{"href":"https:\/\/www.expertpsy.ro\/wordpress\/index.php\/wp-json\/wp\/v2\/pages\/1133","targetHints":{"allow":["GET"]}}],"collection":[{"href":"https:\/\/www.expertpsy.ro\/wordpress\/index.php\/wp-json\/wp\/v2\/pages"}],"about":[{"href":"https:\/\/www.expertpsy.ro\/wordpress\/index.php\/wp-json\/wp\/v2\/types\/page"}],"author":[{"embeddable":true,"href":"https:\/\/www.expertpsy.ro\/wordpress\/index.php\/wp-json\/wp\/v2\/users\/1"}],"replies":[{"embeddable":true,"href":"https:\/\/www.expertpsy.ro\/wordpress\/index.php\/wp-json\/wp\/v2\/comments?post=1133"}],"version-history":[{"count":6,"href":"https:\/\/www.expertpsy.ro\/wordpress\/index.php\/wp-json\/wp\/v2\/pages\/1133\/revisions"}],"predecessor-version":[{"id":1148,"href":"https:\/\/www.expertpsy.ro\/wordpress\/index.php\/wp-json\/wp\/v2\/pages\/1133\/revisions\/1148"}],"up":[{"embeddable":true,"href":"https:\/\/www.expertpsy.ro\/wordpress\/index.php\/wp-json\/wp\/v2\/pages\/352"}],"wp:attachment":[{"href":"https:\/\/www.expertpsy.ro\/wordpress\/index.php\/wp-json\/wp\/v2\/media?parent=1133"}],"curies":[{"name":"wp","href":"https:\/\/api.w.org\/{rel}","templated":true}]}}