{"id":1388,"date":"2018-10-10T22:01:04","date_gmt":"2018-10-10T19:01:04","guid":{"rendered":"http:\/\/www.expertpsy.ro\/wordpress\/?page_id=1388"},"modified":"2018-10-10T22:04:25","modified_gmt":"2018-10-10T19:04:25","slug":"viata-dupa-accidentul-rutier","status":"publish","type":"page","link":"https:\/\/www.expertpsy.ro\/wordpress\/index.php\/accidente-de-circulatie-sau-de-munca\/viata-dupa-accidentul-rutier\/","title":{"rendered":"Via\u021ba dup\u0103 accidentul rutier"},"content":{"rendered":"<p style=\"text-align: center;\">\n<p><a href=\"https:\/\/www.expertpsy.ro\/wordpress\/wp-content\/uploads\/2018\/10\/scaun-rotile-2.jpg\"><img loading=\"lazy\" decoding=\"async\" class=\"aligncenter size-medium wp-image-1394\" src=\"https:\/\/www.expertpsy.ro\/wordpress\/wp-content\/uploads\/2018\/10\/scaun-rotile-2-225x300.jpg\" alt=\"\" width=\"225\" height=\"300\" srcset=\"https:\/\/www.expertpsy.ro\/wordpress\/wp-content\/uploads\/2018\/10\/scaun-rotile-2-225x300.jpg 225w, https:\/\/www.expertpsy.ro\/wordpress\/wp-content\/uploads\/2018\/10\/scaun-rotile-2.jpg 540w\" sizes=\"auto, (max-width: 225px) 100vw, 225px\" \/><\/a><\/p>\n<p>Ca \u00een orice alt\u0103 zi obi\u0219nuit\u0103, domnul M. Plecase de la birou spre cas\u0103. Nu \u0219tia c\u0103 va fi acro\u0219at de o alt\u0103 ma\u0219in\u0103 care intra \u00een intersec\u021bie, f\u0103r\u0103 a acorda prioritate \u0219i cu o vitez\u0103 ce dep\u0103\u0219ea cu mult limita admis\u0103. Acest accident l-a imobilizat la pat c\u00e2teva luni \u0219i astfel \u0219i familia sa a fost pus\u0103 \u00eentr-o situa\u021bie dificil\u0103. Cu to\u021bii \u00eenc\u0103 mai \u00eenva\u021b\u0103 s\u0103 faca fa\u021b\u0103 traumei.<\/p>\n<p>Familia domnului M. a trebuit s\u0103 se ocupe de toate cheltuielile necesare spitaliz\u0103rii, iar acestuia, \u00een urma leziunilor la coloan\u0103, \u00eei este dificil s\u0103 mai mearg\u0103 f\u0103r\u0103 sprijin. Chiar \u0219i dup\u0103 \u0219ase ani de la accident, amintirile sunt dureroase, atat pentru domnul M. c\u00e2t \u0219i pentru familia acestuia. Domnul M. se \u00eenvinov\u0103\u021be\u0219te pentru c\u0103 \u0219i-a pus familia \u00eentr-o situa\u021bie dificil\u0103, de\u0219i nu este vina lui. Acum poate conduce din nou singur, \u00eens\u0103 de fiecare dat\u0103 c\u00e2nd se urc\u0103 la volan, so\u021bia lui se \u00eengrijoreaz\u0103.<\/p>\n<p>Exist\u0103 multe persoane \u0219i familii care trec prin situa\u021bii \u00a0similare \u00een fiecare an, for\u021bate s\u0103 se ocupe de via\u021ba de dup\u0103 un accident. Potrivit Comisarului european pentru Transporturi, Violeta Bulc, \u201e25.300 de persoane \u015fi-au pierdut via\u0163a pe drumurile noastre \u00een ultimul an \u015fi multe altele au suferit v\u0103t\u0103m\u0103ri grave care le vor afecta pe via\u0163\u0103. \u00cen spatele acestor cifre se ascund tot at\u00e2tea pove\u015fti de doliu \u015fi durere.\u201d(adev.ro\/pbecwx)<\/p>\n<p>Cei care au suferit un accident pot sim\u021bi \u0219ocul, disconfortul fizic \u0219i stresul posttraumatic mult timp dup\u0103 producerea evenimentulului. \u00cen unele cazuri se poate instala depresia, \u00a0\u00eempiedic\u00e2nd revenirea la o via\u021b\u0103 normal\u0103 dup\u0103 accident. \u0218i nu numai cei care au suferit \u00een mod direct \u00een urma unui accident au nevoie s\u0103 se recupereze. Membrii familiei \u0219i cei dragi pot trece prin schimb\u0103ri de ordin psihologic.<\/p>\n<p>Dac\u0103 dumneavoastr\u0103 sau cineva de care v\u0103 pas\u0103, se lupt\u0103 pentru a face fa\u021b\u0103 unui accident sau caut\u0103 modalit\u0103\u021bi de a face fa\u021b\u0103 mental, este necesar s\u0103 \u0219ti\u021bi c\u0103 nu sunte\u021bi singur(\u0103). Chiar dac\u0103 au trecut ani \u0219i se pare c\u0103 lucrurile ar fi trebuit s\u0103 revin\u0103 la normal \u0219i nu s-a \u00eent\u00e2mplat asta, este necesar s\u0103\u00a0 \u00a0\u0219ti\u021bi c\u0103 \u0219i al\u021bii se confrunt\u0103 cu aceast\u0103 problem\u0103.<\/p>\n<p>\u00cen caz de accident rutier sau de munc\u0103 este necesar\u0103 implicarea unui avocat, iar din punct de vedere psihologic se recurge la evaluare psihologic\u0103 clinic\u0103 judiciar\u0103 sau extrajudiciar\u0103. \u00cen urma acestei evalu\u0103ri se stabilesc consecin\u021bele psihologice la nivel individual \u0219i care pot fi parte din procesul judiciar, \u00een vederea recuper\u0103rii prejudiciilor dar \u0219i \u00een vederea recomand\u0103rii unui demers psihologic de recuperare.<\/p>\n<p>Pentru evaluarea pagubelor materiale \u0219i morale v\u0103 punem la dispozi\u021bie un document simplu de eviden\u021b\u0103 a acestora. Acesta include cheltuielile cu medicii, spitalizarea, examenele medicale, evalu\u0103rile psihologice, psihoterapia, fizioterapia, costurile cu medica\u021bia precum \u0219i alte cheltuieli legate de s\u0103n\u0103tate. Tot ceea pute\u021bi face este s\u0103 p\u0103stra\u021bi copii ale facturilor \u0219i chitan\u021belor \u0219i s\u0103 introduce\u021bi sumele \u00een tabel, dup\u0103 cum urmeaz\u0103:<\/p>\n<p>Cheltuieli medicale<\/p>\n<table>\n<tbody>\n<tr>\n<td width=\"128\">Furnizor<\/td>\n<td width=\"128\">Data<\/td>\n<td width=\"128\">Suma<\/td>\n<td width=\"128\">Suma pl\u0103tit\u0103<\/td>\n<td width=\"128\">Suma decontat\u0103 de asigurator<\/td>\n<\/tr>\n<tr>\n<td width=\"128\"><\/td>\n<td width=\"128\"><\/td>\n<td width=\"128\"><\/td>\n<td width=\"128\"><\/td>\n<td width=\"128\"><\/td>\n<\/tr>\n<\/tbody>\n<\/table>\n<p>Dac\u0103 \u00een urma accidentului s-au \u00eenregistrat \u0219i pagube materiale, pute\u021bi face un alt document \u00een care s\u0103 monitoriza\u021bi cheltuielile cu acestea. \u00cen acest document sunt incluse eventuale cheltuieli \u00een urma \u00eenchirierii unei ma\u0219ini, cheltuieli de deplasare ale rudelor care vin s\u0103 ofere sprijin victimei accidentului, costurile legate de \u00eengrijirea copiilor sau costuri administrative suplimentare \u0219i care au ap\u0103rut \u00een urma accidentului:<\/p>\n<table>\n<tbody>\n<tr>\n<td width=\"128\">Entitate<\/td>\n<td width=\"128\">Data<\/td>\n<td width=\"128\">Suma<\/td>\n<td width=\"128\">Suma pl\u0103tit\u0103<\/td>\n<td width=\"128\">Suma decontat\u0103 de asigurator<\/td>\n<\/tr>\n<tr>\n<td width=\"128\"><\/td>\n<td width=\"128\"><\/td>\n<td width=\"128\"><\/td>\n<td width=\"128\"><\/td>\n<td width=\"128\"><\/td>\n<\/tr>\n<\/tbody>\n<\/table>\n<p>La acestea se pot ad\u0103uga \u0219i pierderile legate de incapacitatea de a profesa \u00een urma unui accident rutier sau de munc\u0103, av\u00e2nd \u00een vedere leziunile fizice sau r\u0103nile produse la nivel psihologic. Pentru acestea se pot aduga costuri raportate la veniturile ob\u021binute \u00eenainte de producerea accidentului \u0219i care nu mai pot fi luate \u00een considerare dup\u0103 accident \u0219i eventual costuri legate de reconversia profesional\u0103 (cursuri de specializare de exemplu).<\/p>\n<p>Pentru acestea este necesar\u0103 analiza obiectiv\u0103 \u00een urma evalu\u0103rii \u0219i suportului de specialitate, at\u00e2t \u00een vederea stabilirii situa\u021biei \u00een urma accidentului, c\u00e2t \u0219i \u00een vederea g\u0103sirii resurselor de readaptare la noul context de via\u021b\u0103.<\/p>\n","protected":false},"excerpt":{"rendered":"<p>Ca \u00een orice alt\u0103 zi obi\u0219nuit\u0103, domnul M. Plecase de la birou spre cas\u0103. Nu \u0219tia c\u0103 va fi acro\u0219at de o alt\u0103 ma\u0219in\u0103 care intra \u00een intersec\u021bie, f\u0103r\u0103 a acorda prioritate \u0219i cu o vitez\u0103 ce dep\u0103\u0219ea cu mult limita admis\u0103. Acest accident l-a imobilizat la pat c\u00e2teva luni \u0219i astfel \u0219i familia sa &hellip; <a href=\"https:\/\/www.expertpsy.ro\/wordpress\/index.php\/accidente-de-circulatie-sau-de-munca\/viata-dupa-accidentul-rutier\/\" class=\"more-link\">Continu\u0103 lectura <span class=\"screen-reader-text\">Via\u021ba dup\u0103 accidentul rutier<\/span> <span class=\"meta-nav\">&rarr;<\/span><\/a><\/p>\n","protected":false},"author":1,"featured_media":0,"parent":1310,"menu_order":4,"comment_status":"closed","ping_status":"closed","template":"","meta":{"footnotes":""},"class_list":["post-1388","page","type-page","status-publish","hentry"],"_links":{"self":[{"href":"https:\/\/www.expertpsy.ro\/wordpress\/index.php\/wp-json\/wp\/v2\/pages\/1388","targetHints":{"allow":["GET"]}}],"collection":[{"href":"https:\/\/www.expertpsy.ro\/wordpress\/index.php\/wp-json\/wp\/v2\/pages"}],"about":[{"href":"https:\/\/www.expertpsy.ro\/wordpress\/index.php\/wp-json\/wp\/v2\/types\/page"}],"author":[{"embeddable":true,"href":"https:\/\/www.expertpsy.ro\/wordpress\/index.php\/wp-json\/wp\/v2\/users\/1"}],"replies":[{"embeddable":true,"href":"https:\/\/www.expertpsy.ro\/wordpress\/index.php\/wp-json\/wp\/v2\/comments?post=1388"}],"version-history":[{"count":2,"href":"https:\/\/www.expertpsy.ro\/wordpress\/index.php\/wp-json\/wp\/v2\/pages\/1388\/revisions"}],"predecessor-version":[{"id":1397,"href":"https:\/\/www.expertpsy.ro\/wordpress\/index.php\/wp-json\/wp\/v2\/pages\/1388\/revisions\/1397"}],"up":[{"embeddable":true,"href":"https:\/\/www.expertpsy.ro\/wordpress\/index.php\/wp-json\/wp\/v2\/pages\/1310"}],"wp:attachment":[{"href":"https:\/\/www.expertpsy.ro\/wordpress\/index.php\/wp-json\/wp\/v2\/media?parent=1388"}],"curies":[{"name":"wp","href":"https:\/\/api.w.org\/{rel}","templated":true}]}}