{"id":1458,"date":"2018-11-05T14:01:53","date_gmt":"2018-11-05T11:01:53","guid":{"rendered":"http:\/\/www.expertpsy.ro\/wordpress\/?page_id=1458"},"modified":"2019-03-21T21:42:46","modified_gmt":"2019-03-21T18:42:46","slug":"cabana-diham-21-iulie-27-iulie-2019","status":"publish","type":"page","link":"https:\/\/www.expertpsy.ro\/wordpress\/index.php\/centrul-expert-psy\/activitati-de-dezvoltare-personala\/cabana-diham-21-iulie-27-iulie-2019\/","title":{"rendered":"Cabana DIHAM &#8211; 21 iulie \u2013 27 iulie 2019"},"content":{"rendered":"<p style=\"text-align: center;\">Asocia\u021bia Expert Psy\u00a0 organizeaz\u0103<\/p>\n<p style=\"text-align: center;\"><strong>TAB\u0102R\u0102 DE DEZVOLTARE PERSONAL\u0102<\/strong><\/p>\n<p style=\"text-align: center;\"><strong>&#8211; pentru copii cu v\u00e2rste \u00eentre 7 \u0219i 16 ani \u2013<a href=\"https:\/\/www.expertpsy.ro\/wordpress\/wp-content\/uploads\/2018\/11\/diham.jpg\"><img loading=\"lazy\" decoding=\"async\" class=\"aligncenter  wp-image-1447\" src=\"https:\/\/www.expertpsy.ro\/wordpress\/wp-content\/uploads\/2018\/11\/diham-300x169.jpg\" alt=\"\" width=\"344\" height=\"194\" srcset=\"https:\/\/www.expertpsy.ro\/wordpress\/wp-content\/uploads\/2018\/11\/diham-300x169.jpg 300w, https:\/\/www.expertpsy.ro\/wordpress\/wp-content\/uploads\/2018\/11\/diham-768x432.jpg 768w, https:\/\/www.expertpsy.ro\/wordpress\/wp-content\/uploads\/2018\/11\/diham.jpg 960w\" sizes=\"auto, (max-width: 344px) 100vw, 344px\" \/><\/a><\/strong><\/p>\n<ul>\n<li>UNDE ?\u00a0<strong>Cabana DIHAM<a href=\"https:\/\/www.expertpsy.ro\/wordpress\/wp-content\/uploads\/2018\/11\/diham1.jpg\"><img loading=\"lazy\" decoding=\"async\" class=\" wp-image-1443 alignright\" src=\"https:\/\/www.expertpsy.ro\/wordpress\/wp-content\/uploads\/2018\/11\/diham1-300x201.jpg\" alt=\"\" width=\"157\" height=\"105\" srcset=\"https:\/\/www.expertpsy.ro\/wordpress\/wp-content\/uploads\/2018\/11\/diham1-300x201.jpg 300w, https:\/\/www.expertpsy.ro\/wordpress\/wp-content\/uploads\/2018\/11\/diham1-768x514.jpg 768w, https:\/\/www.expertpsy.ro\/wordpress\/wp-content\/uploads\/2018\/11\/diham1.jpg 902w\" sizes=\"auto, (max-width: 157px) 100vw, 157px\" \/><\/a><\/strong><\/li>\n<li>Situat\u0103 \u00een Mun\u0163ii Dihamului, la marginea unei poieni largi de sub M\u0103gura Cenu\u015fie, cabana Diham reprezint\u0103 o important\u0103 baz\u0103 turistic\u0103, un loc de odihn\u0103 \u015fi este \u00een acela\u015fi timp un punct de plecare pentru numeroase excursii.<\/li>\n<li>\u00ceN CE PERIOAD\u0102?\u00a0<strong>21 iulie \u2013 27 iulie 2019 (6 nop\u021bi)<\/strong><\/li>\n<li><strong>Pre\u021b: 1.200 lei<\/strong>, ce include:\n<ul>\n<li>cazare,\u00a03 mese pe zi<\/li>\n<li>activit\u0103\u021bi de dezvoltare personal\u0103<\/li>\n<li>suportul pentru activit\u0103\u021bi de art-terapie \u0219i dezvoltare personal\u0103<\/li>\n<li>sesiune de feedback cu p\u0103rin\u021bii<\/li>\n<li>transportul NU este inclus<\/li>\n<\/ul>\n<\/li>\n<li><span class=\"m_1501710557080537468ydp8df0c96btext_exposed_show\"><strong>Echipa Expert Psy:<\/strong><\/span>\n<ul>\n<li><span class=\"m_1501710557080537468ydp8df0c96btext_exposed_show\">Armand Veleanovici \u2013 psiholog, psihoterapeut<\/span><\/li>\n<li><span class=\"m_1501710557080537468ydp8df0c96btext_exposed_show\">Gabriela Dumitriu \u2013 psiholog, psihoterapeut<\/span><\/li>\n<li><span class=\"m_1501710557080537468ydp8df0c96btext_exposed_show\">Ana-Maria Agape \u2013 psiholog, psihoterapeut<\/span><\/li>\n<li><span class=\"m_1501710557080537468ydp8df0c96btext_exposed_show\">Laura M\u00e2\u021b \u2013 psiholog.<\/span><\/li>\n<\/ul>\n<\/li>\n<li><strong>\u0218<\/strong><strong>i ajutoarele patrupede, c\u0103\u021beii terapeu\u021bi:<a href=\"https:\/\/www.expertpsy.ro\/wordpress\/wp-content\/uploads\/2018\/11\/catei.jpg\"><img loading=\"lazy\" decoding=\"async\" class=\"wp-image-1445 alignright\" src=\"https:\/\/www.expertpsy.ro\/wordpress\/wp-content\/uploads\/2018\/11\/catei-300x241.jpg\" sizes=\"auto, (max-width: 300px) 100vw, 300px\" srcset=\"https:\/\/www.expertpsy.ro\/wordpress\/wp-content\/uploads\/2018\/11\/catei-300x241.jpg 300w, https:\/\/www.expertpsy.ro\/wordpress\/wp-content\/uploads\/2018\/11\/catei.jpg 601w\" alt=\"\" width=\"147\" height=\"118\" \/><\/a><\/strong>\n<ul>\n<li>Zara \u2013 Golden Retriever<\/li>\n<li>Sweetie \u2013 Labrador<\/li>\n<\/ul>\n<\/li>\n<\/ul>\n<p><strong>\u00censcrieri, detalii \u0219i informa\u021bii:<\/strong><br \/>\nLaura M\u00e2\u021b \u2013\u00a0<a href=\"mailto:laura.mat@expertpsy.ro\" target=\"_blank\" rel=\"noopener noreferrer\">laura.mat@expertpsy.ro<\/a>\u00a0; 0729464907<\/p>\n<p><a href=\"https:\/\/www.expertpsy.ro\/wordpress\/wp-content\/uploads\/2018\/11\/Flyer-Diham_Page_2.jpg\"><img loading=\"lazy\" decoding=\"async\" class=\"aligncenter wp-image-1459 size-full\" src=\"https:\/\/www.expertpsy.ro\/wordpress\/wp-content\/uploads\/2018\/11\/Flyer-Diham_Page_2.jpg\" alt=\"\" width=\"1483\" height=\"1901\" srcset=\"https:\/\/www.expertpsy.ro\/wordpress\/wp-content\/uploads\/2018\/11\/Flyer-Diham_Page_2.jpg 1483w, https:\/\/www.expertpsy.ro\/wordpress\/wp-content\/uploads\/2018\/11\/Flyer-Diham_Page_2-234x300.jpg 234w, https:\/\/www.expertpsy.ro\/wordpress\/wp-content\/uploads\/2018\/11\/Flyer-Diham_Page_2-768x984.jpg 768w, https:\/\/www.expertpsy.ro\/wordpress\/wp-content\/uploads\/2018\/11\/Flyer-Diham_Page_2-799x1024.jpg 799w\" sizes=\"auto, (max-width: 1483px) 100vw, 1483px\" \/><\/a><\/p>\n","protected":false},"excerpt":{"rendered":"<p>Asocia\u021bia Expert Psy\u00a0 organizeaz\u0103 TAB\u0102R\u0102 DE DEZVOLTARE PERSONAL\u0102 &#8211; pentru copii cu v\u00e2rste \u00eentre 7 \u0219i 16 ani \u2013 UNDE ?\u00a0Cabana DIHAM Situat\u0103 \u00een Mun\u0163ii Dihamului, la marginea unei poieni largi de sub M\u0103gura Cenu\u015fie, cabana Diham reprezint\u0103 o important\u0103 baz\u0103 turistic\u0103, un loc de odihn\u0103 \u015fi este \u00een acela\u015fi timp un punct de plecare &hellip; <a href=\"https:\/\/www.expertpsy.ro\/wordpress\/index.php\/centrul-expert-psy\/activitati-de-dezvoltare-personala\/cabana-diham-21-iulie-27-iulie-2019\/\" class=\"more-link\">Continu\u0103 lectura <span class=\"screen-reader-text\">Cabana DIHAM &#8211; 21 iulie \u2013 27 iulie 2019<\/span> <span class=\"meta-nav\">&rarr;<\/span><\/a><\/p>\n","protected":false},"author":1,"featured_media":0,"parent":1442,"menu_order":2,"comment_status":"closed","ping_status":"closed","template":"","meta":{"footnotes":""},"class_list":["post-1458","page","type-page","status-publish","hentry"],"_links":{"self":[{"href":"https:\/\/www.expertpsy.ro\/wordpress\/index.php\/wp-json\/wp\/v2\/pages\/1458","targetHints":{"allow":["GET"]}}],"collection":[{"href":"https:\/\/www.expertpsy.ro\/wordpress\/index.php\/wp-json\/wp\/v2\/pages"}],"about":[{"href":"https:\/\/www.expertpsy.ro\/wordpress\/index.php\/wp-json\/wp\/v2\/types\/page"}],"author":[{"embeddable":true,"href":"https:\/\/www.expertpsy.ro\/wordpress\/index.php\/wp-json\/wp\/v2\/users\/1"}],"replies":[{"embeddable":true,"href":"https:\/\/www.expertpsy.ro\/wordpress\/index.php\/wp-json\/wp\/v2\/comments?post=1458"}],"version-history":[{"count":1,"href":"https:\/\/www.expertpsy.ro\/wordpress\/index.php\/wp-json\/wp\/v2\/pages\/1458\/revisions"}],"predecessor-version":[{"id":1531,"href":"https:\/\/www.expertpsy.ro\/wordpress\/index.php\/wp-json\/wp\/v2\/pages\/1458\/revisions\/1531"}],"up":[{"embeddable":true,"href":"https:\/\/www.expertpsy.ro\/wordpress\/index.php\/wp-json\/wp\/v2\/pages\/1442"}],"wp:attachment":[{"href":"https:\/\/www.expertpsy.ro\/wordpress\/index.php\/wp-json\/wp\/v2\/media?parent=1458"}],"curies":[{"name":"wp","href":"https:\/\/api.w.org\/{rel}","templated":true}]}}