{"id":1639,"date":"2020-01-12T13:46:06","date_gmt":"2020-01-12T10:46:06","guid":{"rendered":"http:\/\/www.expertpsy.ro\/wordpress\/?page_id=1639"},"modified":"2020-06-11T20:29:36","modified_gmt":"2020-06-11T17:29:36","slug":"o-saptamana-de-sailing-promo-inceput-de-sezon","status":"publish","type":"page","link":"https:\/\/www.expertpsy.ro\/wordpress\/index.php\/centrul-expert-psy\/activitati-de-dezvoltare-personala\/o-saptamana-de-sailing-promo-inceput-de-sezon\/","title":{"rendered":"Prima s\u0103pt\u0103m\u00e2n\u0103 de SAILING post-Covid!"},"content":{"rendered":"\n<p class=\"has-text-align-center\">Expert Psy \u0219i Constantin Sailing \u00eencep sezonul de SAILING post Covid!<\/p>\n\n\n\n<ul class=\"wp-block-list\"><li><strong>Traseu inedit: Salonic, Platamonas, Nea Skioni (Kassandra), Porto Koufo (Sithonia), Patitiri (Alonnisos), Skopelos, Skiathos.<\/strong><\/li><\/ul>\n\n\n\n<div class=\"wp-block-image\"><figure class=\"aligncenter is-resized\"><a href=\"https:\/\/www.expertpsy.ro\/wordpress\/wp-content\/uploads\/2018\/06\/Sailing-Boat.jpg\"><img loading=\"lazy\" decoding=\"async\" src=\"https:\/\/www.expertpsy.ro\/wordpress\/wp-content\/uploads\/2019\/11\/sailing-colaj.jpg\" alt=\"\" class=\"wp-image-1606\" width=\"380\" height=\"380\" srcset=\"https:\/\/www.expertpsy.ro\/wordpress\/wp-content\/uploads\/2019\/11\/sailing-colaj.jpg 667w, https:\/\/www.expertpsy.ro\/wordpress\/wp-content\/uploads\/2019\/11\/sailing-colaj-150x150.jpg 150w, https:\/\/www.expertpsy.ro\/wordpress\/wp-content\/uploads\/2019\/11\/sailing-colaj-300x300.jpg 300w\" sizes=\"auto, (max-width: 380px) 100vw, 380px\" \/><\/a><\/figure><\/div>\n\n\n\n<ul class=\"wp-block-list\"><li>Velier: 36 ft (12 m), 2 cabine duble, 4+2 locuri, toalet\u0103, du\u0219, frigider, aragaz.&nbsp;<\/li><li>7 zile, 7 nop\u021bi pe mare<\/li><li><strong>Cost promotional: 225 euro\/persoan\u0103<\/strong><\/li><li>include cazare \u00een cabin\u0103 dubl\u0103, motorin\u0103, ap\u0103, cheltuieli de marin\u0103<\/li><li>perioada: 15-21 iunie<\/li><\/ul>\n\n\n\n<div class=\"wp-block-image\"><figure class=\"aligncenter size-large is-resized\"><img loading=\"lazy\" decoding=\"async\" src=\"https:\/\/www.expertpsy.ro\/wordpress\/wp-content\/uploads\/2020\/01\/2020-01-12-2.png\" alt=\"\" class=\"wp-image-1643\" width=\"369\" height=\"306\" srcset=\"https:\/\/www.expertpsy.ro\/wordpress\/wp-content\/uploads\/2020\/01\/2020-01-12-2.png 841w, https:\/\/www.expertpsy.ro\/wordpress\/wp-content\/uploads\/2020\/01\/2020-01-12-2-300x250.png 300w, https:\/\/www.expertpsy.ro\/wordpress\/wp-content\/uploads\/2020\/01\/2020-01-12-2-768x639.png 768w\" sizes=\"auto, (max-width: 369px) 100vw, 369px\" \/><\/figure><\/div>\n\n\n\n<ul class=\"wp-block-list\"><li><strong>Detalii \u0219i \u00eenscrieri: Armand Veleanovici<\/strong><\/li><li><strong>0722 427352<\/strong><\/li><\/ul>\n\n\n\n<p><\/p>\n","protected":false},"excerpt":{"rendered":"<p>Expert Psy \u0219i Constantin Sailing \u00eencep sezonul de SAILING post Covid! Traseu inedit: Salonic, Platamonas, Nea Skioni (Kassandra), Porto Koufo (Sithonia), Patitiri (Alonnisos), Skopelos, Skiathos. Velier: 36 ft (12 m), 2 cabine duble, 4+2 locuri, toalet\u0103, du\u0219, frigider, aragaz.&nbsp; 7 zile, 7 nop\u021bi pe mare Cost promotional: 225 euro\/persoan\u0103 include cazare \u00een cabin\u0103 dubl\u0103, motorin\u0103, &hellip; <a href=\"https:\/\/www.expertpsy.ro\/wordpress\/index.php\/centrul-expert-psy\/activitati-de-dezvoltare-personala\/o-saptamana-de-sailing-promo-inceput-de-sezon\/\" class=\"more-link\">Continu\u0103 lectura <span class=\"screen-reader-text\">Prima s\u0103pt\u0103m\u00e2n\u0103 de SAILING post-Covid!<\/span> <span class=\"meta-nav\">&rarr;<\/span><\/a><\/p>\n","protected":false},"author":1,"featured_media":1606,"parent":1442,"menu_order":0,"comment_status":"closed","ping_status":"closed","template":"","meta":{"footnotes":""},"class_list":["post-1639","page","type-page","status-publish","has-post-thumbnail","hentry"],"_links":{"self":[{"href":"https:\/\/www.expertpsy.ro\/wordpress\/index.php\/wp-json\/wp\/v2\/pages\/1639","targetHints":{"allow":["GET"]}}],"collection":[{"href":"https:\/\/www.expertpsy.ro\/wordpress\/index.php\/wp-json\/wp\/v2\/pages"}],"about":[{"href":"https:\/\/www.expertpsy.ro\/wordpress\/index.php\/wp-json\/wp\/v2\/types\/page"}],"author":[{"embeddable":true,"href":"https:\/\/www.expertpsy.ro\/wordpress\/index.php\/wp-json\/wp\/v2\/users\/1"}],"replies":[{"embeddable":true,"href":"https:\/\/www.expertpsy.ro\/wordpress\/index.php\/wp-json\/wp\/v2\/comments?post=1639"}],"version-history":[{"count":5,"href":"https:\/\/www.expertpsy.ro\/wordpress\/index.php\/wp-json\/wp\/v2\/pages\/1639\/revisions"}],"predecessor-version":[{"id":1690,"href":"https:\/\/www.expertpsy.ro\/wordpress\/index.php\/wp-json\/wp\/v2\/pages\/1639\/revisions\/1690"}],"up":[{"embeddable":true,"href":"https:\/\/www.expertpsy.ro\/wordpress\/index.php\/wp-json\/wp\/v2\/pages\/1442"}],"wp:featuredmedia":[{"embeddable":true,"href":"https:\/\/www.expertpsy.ro\/wordpress\/index.php\/wp-json\/wp\/v2\/media\/1606"}],"wp:attachment":[{"href":"https:\/\/www.expertpsy.ro\/wordpress\/index.php\/wp-json\/wp\/v2\/media?parent=1639"}],"curies":[{"name":"wp","href":"https:\/\/api.w.org\/{rel}","templated":true}]}}